
{"id":11,"date":"2023-12-20T15:15:53","date_gmt":"2023-12-20T15:15:53","guid":{"rendered":"https:\/\/karoacademystage.c9401.cloudnet.cloud\/se\/login\/"},"modified":"2024-02-28T10:59:25","modified_gmt":"2024-02-28T09:59:25","slug":"login","status":"publish","type":"page","link":"https:\/\/karoacademy.com\/se\/login\/","title":{"rendered":"Login"},"content":{"rendered":"\n<div class=\"um um-login um-6\">\n\t<div class=\"um-form\">\n\t\t<form method=\"post\" action=\"\" autocomplete=\"off\">\n\t\t\t<div class=\"um-row _um_row_1 \" style=\"padding: 0px 0px 0px 0px;margin: 0px 0px 0px 0px;border-width: 0px 0px 0px 0px;border-style: solid;border-radius: 0px;\"><div class=\"um-col-1\"><div  class=\"um-field um-field-block  um-field-block um-field-type_block\" data-key=\"um_block_5_17\"><div class=\"login-message-blog\">Hej! Vi har \u00e4ndrat inloggningen och tagit bort captcha-robotverifieringen. Du har fem f\u00f6rs\u00f6k p\u00e5 dig att logga in, sedan l\u00e5ser sig kontot av s\u00e4kerhetssk\u00e4l i 10 minuter. D\u00e4refter kan du f\u00f6rs\u00f6ka igen.<br>Har du gl\u00f6mt l\u00f6senordet anv\u00e4nder du l\u00e4nken och skulle det fortfarande inte fungera ber vi dig h\u00f6ra av dig till oss p\u00e5 akademi@karo.com.<\/div><\/div><div  id=\"um_field_6_user_email\" class=\"um-field um-field-text  um-field-user_email um-field-text um-field-type_text\" data-key=\"user_email\"><div class=\"um-field-label\"><label for=\"user_email-6\">E-postadress<\/label><div class=\"um-clear\"><\/div><\/div><div class=\"um-field-area\"><input  autocomplete=\"off\" class=\"um-form-field valid \" type=\"text\" name=\"user_email-6\" id=\"user_email-6\" value=\"\" placeholder=\"\" data-validate=\"\" data-key=\"user_email\"  aria-invalid=\"false\" \/>\n\n\t\t\t\t\t\t<\/div><\/div><div  id=\"um_field_6_user_password\" class=\"um-field um-field-password  um-field-user_password um-field-password um-field-type_password\" data-key=\"user_password\"><div class=\"um-field-label\"><label for=\"user_password-6\">L\u00f6senord<\/label><div class=\"um-clear\"><\/div><\/div><div class=\"um-field-area\"><input class=\"um-form-field valid \" type=\"password\" name=\"user_password-6\" id=\"user_password-6\" value=\"\" placeholder=\"\" data-validate=\"\" data-key=\"user_password\"  aria-invalid=\"false\" \/>\n\n\t\t\t\t\t\t\t<\/div><\/div><\/div><\/div>\t\t<input type=\"hidden\" name=\"form_id\" id=\"form_id_6\" value=\"6\" \/>\n\t\n\t<p class=\"um_request_name\">\n\t\t<label for=\"um_request_6\">Only fill in if you are not human<\/label>\n\t\t<input type=\"hidden\" name=\"um_request\" id=\"um_request_6\" class=\"input\" value=\"\" size=\"25\" autocomplete=\"off\" \/>\n\t<\/p>\n\n\t<input type=\"hidden\" name=\"redirect_to\" id=\"redirect_to\" value=\"https:\/\/karoacademystage.c9401.cloudnet.cloud\/se\/\" \/><input type=\"hidden\" id=\"_wpnonce\" name=\"_wpnonce\" value=\"dd4fb6deb2\" \/><input type=\"hidden\" name=\"_wp_http_referer\" value=\"\/se\/wp-json\/wp\/v2\/pages\/11\" \/>\n\t<div class=\"um-col-alt\">\n\n\t\t\n\n\t\t\t<div class=\"um-field um-field-c\">\n\t\t\t\t<div class=\"um-field-area\">\n\t\t\t\t\t<label class=\"um-field-checkbox\">\n\t\t\t\t\t\t<input type=\"checkbox\" name=\"rememberme\" value=\"1\"  \/>\n\t\t\t\t\t\t<span class=\"um-field-checkbox-state\"><i class=\"um-icon-android-checkbox-outline-blank\"><\/i><\/span>\n\t\t\t\t\t\t<span class=\"um-field-checkbox-option\"> H\u00e5ll mig inloggad<\/span>\n\t\t\t\t\t<\/label>\n\t\t\t\t<\/div>\n\t\t\t<\/div>\n\n\t\t\t\t\t\t<div class=\"um-clear\"><\/div>\n\t\t\n\t\t\t<div class=\"um-left um-half\">\n\t\t\t\t<input type=\"submit\" value=\"Logga in\" class=\"um-button\" id=\"um-submit-btn\" \/>\n\t\t\t<\/div>\n\t\t\t<div class=\"um-right um-half\">\n\t\t\t\t<a href=\"https:\/\/karoacademy.com\/se\/register\/\" class=\"um-button um-alt\">\n\t\t\t\t\tRegistrera\t\t\t\t<\/a>\n\t\t\t<\/div>\n\n\t\t\n\t\t<div class=\"um-clear\"><\/div>\n\n\t<\/div>\n\n\t\n\t<div class=\"um-col-alt-b\">\n\t\t<a href=\"https:\/\/karoacademy.com\/se\/password-reset\/\" class=\"um-link-alt\">\n\t\t\tGl\u00f6mt l\u00f6senordet?\t\t<\/a>\n\t<\/div>\n\n\t<p style=\"text-align: center; margin-top: 10px;\">\r\n                 <!--a href=\"https:\/\/yourwebsite.com\/custom-link\">Custom Link Text<\/a-->\r\n              <\/p>\t\t<\/form>\n\t<\/div>\n<\/div>\n<style>\n\t\t\t.um-6.um {\n\t\t\tmax-width: 450px;\n\t\t}\n\t\t<\/style>\n\n","protected":false},"excerpt":{"rendered":"","protected":false},"author":1,"featured_media":0,"parent":0,"menu_order":0,"comment_status":"closed","ping_status":"closed","template":"","meta":{"_acf_changed":false,"footnotes":""},"class_list":["post-11","page","type-page","status-publish","hentry","region-master-page","sweden-region"],"acf":[],"yoast_head":"<!-- This site is optimized with the Yoast SEO plugin v22.2 - https:\/\/yoast.com\/wordpress\/plugins\/seo\/ -->\n<title>Login - Sweden<\/title>\n<meta name=\"robots\" content=\"index, follow, max-snippet:-1, max-image-preview:large, max-video-preview:-1\" \/>\n<link rel=\"canonical\" href=\"https:\/\/preprod.karoacademy.com\/se\/login\/\" \/>\n<meta property=\"og:locale\" content=\"sv_SE\" \/>\n<meta property=\"og:type\" content=\"article\" \/>\n<meta property=\"og:title\" content=\"Login - Sweden\" \/>\n<meta property=\"og:url\" content=\"https:\/\/preprod.karoacademy.com\/se\/login\/\" \/>\n<meta property=\"og:site_name\" content=\"Sweden\" \/>\n<meta property=\"article:modified_time\" content=\"2024-02-28T09:59:25+00:00\" \/>\n<meta name=\"twitter:card\" content=\"summary_large_image\" \/>\n<script type=\"application\/ld+json\" class=\"yoast-schema-graph\">{\"@context\":\"https:\/\/schema.org\",\"@graph\":[{\"@type\":\"WebPage\",\"@id\":\"https:\/\/preprod.karoacademy.com\/se\/login\/\",\"url\":\"https:\/\/preprod.karoacademy.com\/se\/login\/\",\"name\":\"Login - Sweden\",\"isPartOf\":{\"@id\":\"https:\/\/karoacademy.com\/se\/#website\"},\"datePublished\":\"2023-12-20T15:15:53+00:00\",\"dateModified\":\"2024-02-28T09:59:25+00:00\",\"breadcrumb\":{\"@id\":\"https:\/\/preprod.karoacademy.com\/se\/login\/#breadcrumb\"},\"inLanguage\":\"sv-SE\",\"potentialAction\":[{\"@type\":\"ReadAction\",\"target\":[\"https:\/\/preprod.karoacademy.com\/se\/login\/\"]}]},{\"@type\":\"BreadcrumbList\",\"@id\":\"https:\/\/preprod.karoacademy.com\/se\/login\/#breadcrumb\",\"itemListElement\":[{\"@type\":\"ListItem\",\"position\":1,\"name\":\"Home\",\"item\":\"https:\/\/karoacademy.com\/se\/\"},{\"@type\":\"ListItem\",\"position\":2,\"name\":\"Login\"}]},{\"@type\":\"WebSite\",\"@id\":\"https:\/\/karoacademy.com\/se\/#website\",\"url\":\"https:\/\/karoacademy.com\/se\/\",\"name\":\"Sweden\",\"description\":\"Svenska\",\"potentialAction\":[{\"@type\":\"SearchAction\",\"target\":{\"@type\":\"EntryPoint\",\"urlTemplate\":\"https:\/\/karoacademy.com\/se\/?s={search_term_string}\"},\"query-input\":\"required name=search_term_string\"}],\"inLanguage\":\"sv-SE\"}]}<\/script>\n<!-- \/ Yoast SEO plugin. -->","yoast_head_json":{"title":"Login - Sweden","robots":{"index":"index","follow":"follow","max-snippet":"max-snippet:-1","max-image-preview":"max-image-preview:large","max-video-preview":"max-video-preview:-1"},"canonical":"https:\/\/preprod.karoacademy.com\/se\/login\/","og_locale":"sv_SE","og_type":"article","og_title":"Login - Sweden","og_url":"https:\/\/preprod.karoacademy.com\/se\/login\/","og_site_name":"Sweden","article_modified_time":"2024-02-28T09:59:25+00:00","twitter_card":"summary_large_image","schema":{"@context":"https:\/\/schema.org","@graph":[{"@type":"WebPage","@id":"https:\/\/preprod.karoacademy.com\/se\/login\/","url":"https:\/\/preprod.karoacademy.com\/se\/login\/","name":"Login - Sweden","isPartOf":{"@id":"https:\/\/karoacademy.com\/se\/#website"},"datePublished":"2023-12-20T15:15:53+00:00","dateModified":"2024-02-28T09:59:25+00:00","breadcrumb":{"@id":"https:\/\/preprod.karoacademy.com\/se\/login\/#breadcrumb"},"inLanguage":"sv-SE","potentialAction":[{"@type":"ReadAction","target":["https:\/\/preprod.karoacademy.com\/se\/login\/"]}]},{"@type":"BreadcrumbList","@id":"https:\/\/preprod.karoacademy.com\/se\/login\/#breadcrumb","itemListElement":[{"@type":"ListItem","position":1,"name":"Home","item":"https:\/\/karoacademy.com\/se\/"},{"@type":"ListItem","position":2,"name":"Login"}]},{"@type":"WebSite","@id":"https:\/\/karoacademy.com\/se\/#website","url":"https:\/\/karoacademy.com\/se\/","name":"Sweden","description":"Svenska","potentialAction":[{"@type":"SearchAction","target":{"@type":"EntryPoint","urlTemplate":"https:\/\/karoacademy.com\/se\/?s={search_term_string}"},"query-input":"required name=search_term_string"}],"inLanguage":"sv-SE"}]}},"_links":{"self":[{"href":"https:\/\/karoacademy.com\/se\/wp-json\/wp\/v2\/pages\/11","targetHints":{"allow":["GET"]}}],"collection":[{"href":"https:\/\/karoacademy.com\/se\/wp-json\/wp\/v2\/pages"}],"about":[{"href":"https:\/\/karoacademy.com\/se\/wp-json\/wp\/v2\/types\/page"}],"author":[{"embeddable":true,"href":"https:\/\/karoacademy.com\/se\/wp-json\/wp\/v2\/users\/1"}],"replies":[{"embeddable":true,"href":"https:\/\/karoacademy.com\/se\/wp-json\/wp\/v2\/comments?post=11"}],"version-history":[{"count":0,"href":"https:\/\/karoacademy.com\/se\/wp-json\/wp\/v2\/pages\/11\/revisions"}],"wp:attachment":[{"href":"https:\/\/karoacademy.com\/se\/wp-json\/wp\/v2\/media?parent=11"}],"curies":[{"name":"wp","href":"https:\/\/api.w.org\/{rel}","templated":true}]}}